{"id":14691,"date":"2024-07-05T09:58:54","date_gmt":"2024-07-05T09:58:54","guid":{"rendered":"https:\/\/www.leadeasy.de\/?page_id=14691"},"modified":"2024-07-05T10:02:53","modified_gmt":"2024-07-05T10:02:53","slug":"sorry","status":"publish","type":"page","link":"https:\/\/www.leadeasy.de\/de\/sorry\/","title":{"rendered":"Sorry"},"content":{"rendered":"\t\t<div data-elementor-type=\"wp-page\" data-elementor-id=\"14691\" class=\"elementor elementor-14691\">\n\t\t\t\t\t\t<section class=\"elementor-section elementor-top-section elementor-element elementor-element-4d9b077 elementor-section-boxed elementor-section-height-default elementor-section-height-default\" data-id=\"4d9b077\" data-element_type=\"section\">\n\t\t\t\t\t\t<div class=\"elementor-container elementor-column-gap-default\">\n\t\t\t\t\t<div class=\"elementor-column elementor-col-100 elementor-top-column elementor-element elementor-element-569a92e\" data-id=\"569a92e\" data-element_type=\"column\">\n\t\t\t<div class=\"elementor-widget-wrap elementor-element-populated\">\n\t\t\t\t\t\t<div class=\"elementor-element elementor-element-6c9af8e elementor-widget elementor-widget-pix-sliding-text\" data-id=\"6c9af8e\" data-element_type=\"widget\" data-widget_type=\"pix-sliding-text.default\">\n\t\t\t\t<div class=\"elementor-widget-container\">\n\t\t\t<div id=\"sliding-text-35678418\" class=\"mb-3 text-center \"><h1 class=\"mb-32 pix-sliding-headline-2 animate-in font-weight-bold secondary-font \" data-anim-type=\"pix-sliding-text\" pix-anim-delay=\"500\" data-class=\"secondary-font text-heading-default\" style=\"\"><span class=\"slide-in-container \"><span class=\"pix-sliding-item secondary-font text-heading-default\" style=\"transition-delay: 0ms;\">Sorry,&#32;<\/span><\/span> <span class=\"slide-in-container \"><span class=\"pix-sliding-item secondary-font text-heading-default\" style=\"transition-delay: 150ms;\">wir&#32;<\/span><\/span> <span class=\"slide-in-container \"><span class=\"pix-sliding-item secondary-font text-heading-default\" style=\"transition-delay: 300ms;\">bieten&#32;<\/span><\/span> <span class=\"slide-in-container \"><span class=\"pix-sliding-item secondary-font text-heading-default\" style=\"transition-delay: 450ms;\">unsere&#32;<\/span><\/span> <span class=\"slide-in-container \"><span class=\"pix-sliding-item secondary-font text-heading-default\" style=\"transition-delay: 600ms;\">L\u00f6sung&#32;<\/span><\/span> <span class=\"slide-in-container \"><span class=\"pix-sliding-item secondary-font text-heading-default\" style=\"transition-delay: 750ms;\">nur&#32;<\/span><\/span> <span class=\"slide-in-container \"><span class=\"pix-sliding-item secondary-font text-heading-default\" style=\"transition-delay: 900ms;\">f\u00fcr&#32;<\/span><\/span> <span class=\"slide-in-container \"><span class=\"pix-sliding-item secondary-font text-heading-default\" style=\"transition-delay: 1050ms;\">B2B&#32;<\/span><\/span> <span class=\"slide-in-container \"><span class=\"pix-sliding-item secondary-font text-heading-default\" style=\"transition-delay: 1200ms;\">Leads&#32;<\/span><\/span> <span class=\"slide-in-container \"><span class=\"pix-sliding-item secondary-font text-heading-default\" style=\"transition-delay: 1350ms;\">an.&#32;<\/span><\/span> <\/h1><\/div>\t\t<\/div>\n\t\t\t\t<\/div>\n\t\t\t\t<div class=\"elementor-element elementor-element-ac3d029 elementor-align-center elementor-widget elementor-widget-button\" data-id=\"ac3d029\" data-element_type=\"widget\" data-widget_type=\"button.default\">\n\t\t\t\t<div class=\"elementor-widget-container\">\n\t\t\t\t\t<div class=\"elementor-button-wrapper\">\n\t\t\t<a class=\"elementor-button elementor-button-link elementor-size-sm\" href=\"https:\/\/www.leadeasy.de\/de\/leadeasy-leads-ohne-ad-spend\/\">\n\t\t\t\t\t\t<span class=\"elementor-button-content-wrapper\">\n\t\t\t\t\t\t\t\t\t<span class=\"elementor-button-text\">ZUR\u00dcCK ZUR STARTSEITE<\/span>\n\t\t\t\t\t<\/span>\n\t\t\t\t\t<\/a>\n\t\t<\/div>\n\t\t\t\t<\/div>\n\t\t\t\t<\/div>\n\t\t\t\t\t<\/div>\n\t\t<\/div>\n\t\t\t\t\t<\/div>\n\t\t<\/section>\n\t\t\t\t<\/div>\n\t\t","protected":false},"excerpt":{"rendered":"<p>Sorry,&#32; wir&#32; bieten&#32; unsere&#32; L\u00f6sung&#32; nur&#32; f\u00fcr&#32; B2B&#32; Leads&#32; an.&#32; ZUR\u00dcCK ZUR STARTSEITE<\/p>\n","protected":false},"author":5,"featured_media":0,"parent":0,"menu_order":0,"comment_status":"closed","ping_status":"closed","template":"elementor_canvas","meta":{"_monsterinsights_skip_tracking":false,"_monsterinsights_sitenote_active":false,"_monsterinsights_sitenote_note":"","_monsterinsights_sitenote_category":0,"footnotes":""},"aioseo_notices":[],"_links":{"self":[{"href":"https:\/\/www.leadeasy.de\/de\/wp-json\/wp\/v2\/pages\/14691"}],"collection":[{"href":"https:\/\/www.leadeasy.de\/de\/wp-json\/wp\/v2\/pages"}],"about":[{"href":"https:\/\/www.leadeasy.de\/de\/wp-json\/wp\/v2\/types\/page"}],"author":[{"embeddable":true,"href":"https:\/\/www.leadeasy.de\/de\/wp-json\/wp\/v2\/users\/5"}],"replies":[{"embeddable":true,"href":"https:\/\/www.leadeasy.de\/de\/wp-json\/wp\/v2\/comments?post=14691"}],"version-history":[{"count":0,"href":"https:\/\/www.leadeasy.de\/de\/wp-json\/wp\/v2\/pages\/14691\/revisions"}],"wp:attachment":[{"href":"https:\/\/www.leadeasy.de\/de\/wp-json\/wp\/v2\/media?parent=14691"}],"curies":[{"name":"wp","href":"https:\/\/api.w.org\/{rel}","templated":true}]}}