{"id":13531,"date":"2022-10-24T07:46:59","date_gmt":"2022-10-24T07:46:59","guid":{"rendered":"https:\/\/www.leadeasy.de\/?page_id=13531"},"modified":"2022-10-25T16:45:35","modified_gmt":"2022-10-25T16:45:35","slug":"onboarding","status":"publish","type":"page","link":"https:\/\/www.leadeasy.de\/de\/onboarding\/","title":{"rendered":"Onboarding"},"content":{"rendered":"\t\t<div data-elementor-type=\"wp-page\" data-elementor-id=\"13531\" class=\"elementor elementor-13531\">\n\t\t\t\t\t\t<section class=\"elementor-section elementor-top-section elementor-element elementor-element-146441cc elementor-section-boxed elementor-section-height-default elementor-section-height-default\" data-id=\"146441cc\" data-element_type=\"section\">\n\t\t\t\t\t\t<div class=\"elementor-container elementor-column-gap-default\">\n\t\t\t\t\t<div class=\"elementor-column elementor-col-100 elementor-top-column elementor-element elementor-element-6911d2be\" data-id=\"6911d2be\" data-element_type=\"column\">\n\t\t\t<div class=\"elementor-widget-wrap elementor-element-populated\">\n\t\t\t\t\t\t<div class=\"elementor-element elementor-element-262e809a elementor-widget elementor-widget-text-editor\" data-id=\"262e809a\" data-element_type=\"widget\" data-widget_type=\"text-editor.default\">\n\t\t\t\t<div class=\"elementor-widget-container\">\n\t\t\t<style>\/*! elementor - v3.22.0 - 26-06-2024 *\/\n.elementor-widget-text-editor.elementor-drop-cap-view-stacked .elementor-drop-cap{background-color:#69727d;color:#fff}.elementor-widget-text-editor.elementor-drop-cap-view-framed .elementor-drop-cap{color:#69727d;border:3px solid;background-color:transparent}.elementor-widget-text-editor:not(.elementor-drop-cap-view-default) .elementor-drop-cap{margin-top:8px}.elementor-widget-text-editor:not(.elementor-drop-cap-view-default) .elementor-drop-cap-letter{width:1em;height:1em}.elementor-widget-text-editor .elementor-drop-cap{float:left;text-align:center;line-height:1;font-size:50px}.elementor-widget-text-editor .elementor-drop-cap-letter{display:inline-block}<\/style>\t\t\t\t<!-- wp:themeisle-blocks\/advanced-columns {\"id\":\"wp-block-themeisle-blocks-advanced-columns-70ccabd9\",\"columns\":0} -->\n<div id=\"wp-block-themeisle-blocks-advanced-columns-70ccabd9\" class=\"wp-block-themeisle-blocks-advanced-columns has-0-columns has-desktop-undefined-layout has-tablet-equal-layout has-mobile-equal-layout has-vertical-unset\"><div class=\"wp-block-themeisle-blocks-advanced-columns-overlay\"><\/div><div class=\"innerblocks-wrap\"><\/div><\/div>\n<!-- \/wp:themeisle-blocks\/advanced-columns -->\t\t\t\t\t\t<\/div>\n\t\t\t\t<\/div>\n\t\t\t\t\t<\/div>\n\t\t<\/div>\n\t\t\t\t\t<\/div>\n\t\t<\/section>\n\t\t\t\t<section class=\"elementor-section elementor-top-section elementor-element elementor-element-1a4a2b7 elementor-section-boxed elementor-section-height-default elementor-section-height-default\" data-id=\"1a4a2b7\" data-element_type=\"section\">\n\t\t\t\t\t\t<div class=\"elementor-container elementor-column-gap-default\">\n\t\t\t\t\t<div class=\"elementor-column elementor-col-100 elementor-top-column elementor-element elementor-element-b6d5ec9\" data-id=\"b6d5ec9\" data-element_type=\"column\">\n\t\t\t<div class=\"elementor-widget-wrap elementor-element-populated\">\n\t\t\t\t\t\t<div class=\"elementor-element elementor-element-3ffcbe5 elementor-widget elementor-widget-pix-heading\" data-id=\"3ffcbe5\" data-element_type=\"widget\" data-widget_type=\"pix-heading.default\">\n\t\t\t\t<div class=\"elementor-widget-container\">\n\t\t\t<div  class=\"pix-heading-el text-center \"><div><div class=\"slide-in-container\"><h6 class=\"text-gray-5 font-weight-bold heading-text el-title_custom_color mb-12\" style=\"\" data-anim-type=\"\" data-anim-delay=\"\">Willkommen bei Lead Easy !<\/h6><\/div><\/div><\/div>\t\t<\/div>\n\t\t\t\t<\/div>\n\t\t\t\t\t<\/div>\n\t\t<\/div>\n\t\t\t\t\t<\/div>\n\t\t<\/section>\n\t\t\t\t<section class=\"elementor-section elementor-top-section elementor-element elementor-element-10d2391 elementor-section-boxed elementor-section-height-default elementor-section-height-default\" data-id=\"10d2391\" data-element_type=\"section\">\n\t\t\t\t\t\t<div class=\"elementor-container elementor-column-gap-default\">\n\t\t\t\t\t<div class=\"elementor-column elementor-col-100 elementor-top-column elementor-element elementor-element-1a06022\" data-id=\"1a06022\" data-element_type=\"column\">\n\t\t\t<div class=\"elementor-widget-wrap elementor-element-populated\">\n\t\t\t\t\t\t<div class=\"elementor-element elementor-element-58eea78 elementor-widget elementor-widget-pix-heading\" data-id=\"58eea78\" data-element_type=\"widget\" data-widget_type=\"pix-heading.default\">\n\t\t\t\t<div class=\"elementor-widget-container\">\n\t\t\t<div  class=\"pix-heading-el text-center \"><div><div class=\"slide-in-container\"><h2 class=\"text-heading-default font-weight-bold display-4 heading-text el-title_custom_color mb-12\" style=\"\" data-anim-type=\"\" data-anim-delay=\"\"><b> Dein Onboarding <b><\/h2><\/div><\/div><\/div>\t\t<\/div>\n\t\t\t\t<\/div>\n\t\t\t\t\t<\/div>\n\t\t<\/div>\n\t\t\t\t\t<\/div>\n\t\t<\/section>\n\t\t\t\t<section class=\"elementor-section elementor-top-section elementor-element elementor-element-494c6a7 elementor-section-boxed elementor-section-height-default elementor-section-height-default\" data-id=\"494c6a7\" data-element_type=\"section\">\n\t\t\t\t\t\t<div class=\"elementor-container elementor-column-gap-default\">\n\t\t\t\t\t<div class=\"elementor-column elementor-col-100 elementor-top-column elementor-element elementor-element-bc4193a\" data-id=\"bc4193a\" data-element_type=\"column\">\n\t\t\t<div class=\"elementor-widget-wrap elementor-element-populated\">\n\t\t\t\t\t\t<div class=\"elementor-element elementor-element-9d0f542 elementor-widget elementor-widget-pix-text\" data-id=\"9d0f542\" data-element_type=\"widget\" data-widget_type=\"pix-text.default\">\n\t\t\t\t<div class=\"elementor-widget-container\">\n\t\t\t<div class=\"pix-el-text w-100 text-center \" ><p class=\"text-18   text-center font-weight-bold\" >Um die Software f\u00fcr Ihren Anwendungszweck optimal vorzubereiten, ben\u00f6tigen wir einmal ein paar n\u00e4here Infos zu Ihnen und Ihrem Unternehmen.\n\n<\/p><\/div>\t\t<\/div>\n\t\t\t\t<\/div>\n\t\t\t\t\t<\/div>\n\t\t<\/div>\n\t\t\t\t\t<\/div>\n\t\t<\/section>\n\t\t\t\t<section class=\"elementor-section elementor-top-section elementor-element elementor-element-4e54c74 elementor-section-boxed elementor-section-height-default elementor-section-height-default\" data-id=\"4e54c74\" data-element_type=\"section\">\n\t\t\t\t\t\t<div class=\"elementor-container elementor-column-gap-default\">\n\t\t\t\t\t<div class=\"elementor-column elementor-col-100 elementor-top-column elementor-element elementor-element-824a97e\" data-id=\"824a97e\" data-element_type=\"column\">\n\t\t\t<div class=\"elementor-widget-wrap elementor-element-populated\">\n\t\t\t\t\t\t<div class=\"elementor-element elementor-element-93715a4 elementor-widget elementor-widget-html\" data-id=\"93715a4\" data-element_type=\"widget\" data-widget_type=\"html.default\">\n\t\t\t\t<div class=\"elementor-widget-container\">\n\t\t\t<!DOCTYPE html> <html lang=\"en\"> <head> <meta charset=\"utf-8\" \/> <meta name=\"viewport\" content=\"width=device-width, initial-scale=1\" \/> <title>Lead Easy Onboarding<\/title> <style>*{margin:0;padding:0;} html,body,#wrapper{width:100%;height:500px;} iframe{border-radius:0 !important;}<\/style> <\/head> <body> <div id=\"wrapper\" data-tf-widget=\"Tr2XxeKo\" data-tf-inline-on-mobile data-tf-medium=\"snippet\" ><\/div> <script src=\"\/\/embed.typeform.com\/next\/embed.js\"><\/script> <\/body> <\/html>\t\t<\/div>\n\t\t\t\t<\/div>\n\t\t\t\t\t<\/div>\n\t\t<\/div>\n\t\t\t\t\t<\/div>\n\t\t<\/section>\n\t\t\t\t<\/div>\n\t\t","protected":false},"excerpt":{"rendered":"<p>Willkommen bei Lead Easy ! Dein Onboarding Um die Software f\u00fcr Ihren Anwendungszweck optimal vorzubereiten, ben\u00f6tigen wir einmal ein paar n\u00e4here Infos zu Ihnen und Ihrem Unternehmen. Lead Easy Onboarding<\/p>\n","protected":false},"author":2,"featured_media":0,"parent":0,"menu_order":0,"comment_status":"closed","ping_status":"closed","template":"","meta":{"_monsterinsights_skip_tracking":false,"_monsterinsights_sitenote_active":false,"_monsterinsights_sitenote_note":"","_monsterinsights_sitenote_category":0,"footnotes":""},"aioseo_notices":[],"_links":{"self":[{"href":"https:\/\/www.leadeasy.de\/de\/wp-json\/wp\/v2\/pages\/13531"}],"collection":[{"href":"https:\/\/www.leadeasy.de\/de\/wp-json\/wp\/v2\/pages"}],"about":[{"href":"https:\/\/www.leadeasy.de\/de\/wp-json\/wp\/v2\/types\/page"}],"author":[{"embeddable":true,"href":"https:\/\/www.leadeasy.de\/de\/wp-json\/wp\/v2\/users\/2"}],"replies":[{"embeddable":true,"href":"https:\/\/www.leadeasy.de\/de\/wp-json\/wp\/v2\/comments?post=13531"}],"version-history":[{"count":0,"href":"https:\/\/www.leadeasy.de\/de\/wp-json\/wp\/v2\/pages\/13531\/revisions"}],"wp:attachment":[{"href":"https:\/\/www.leadeasy.de\/de\/wp-json\/wp\/v2\/media?parent=13531"}],"curies":[{"name":"wp","href":"https:\/\/api.w.org\/{rel}","templated":true}]}}